{"id":305,"date":"2025-09-15T09:58:12","date_gmt":"2025-09-15T09:58:12","guid":{"rendered":"https:\/\/www.rymokoma.fi\/?page_id=305"},"modified":"2026-04-09T17:40:01","modified_gmt":"2026-04-09T17:40:01","slug":"palkitut","status":"publish","type":"page","link":"http:\/\/www.rymokoma.fi\/index.php\/palkitut\/","title":{"rendered":"Palkitut"},"content":{"rendered":"\n<p>T\u00e4\u00e4lt\u00e4 l\u00f6ytyv\u00e4t ansioituneet koirakot<\/p>\n\n\n\n<h2 class=\"wp-block-heading\">Vuoden 2025 palkitut:<\/h2>\n\n\n\n<p><strong>Korhonen Mirka<\/strong> &#8211; Zaphalayaz Zotico, Urpo<br>\u2022 C.I.B, C.I.E, SE MVA<br>\u2022 HK2<br>\u2022 JK3 x 2 ykk\u00f6stulosta<\/p>\n\n\n\n<p><strong>Kelho Eeva<\/strong> &#8211; Zaphalayaz Diamante, Pirkko<br>\u2022 Toko Alo1 x 3 ykk\u00f6stulosta TK1<\/p>\n\n\n\n<p><strong>Leskinen Marko<\/strong> &#8211; Rottdames Dacota, Emma<br>\u2022 RTK2<\/p>\n\n\n\n<p><strong>H\u00e5llfast Santra<\/strong> &#8211; Helkyn Carolina, Kenraali<br>\u2022 IRO MT\/V<br>\u2022 SAR RAUNIO A<\/p>\n\n\n\n<h2 class=\"wp-block-heading\">Vuoden 2024 palkitut:<\/h2>\n\n\n\n<ul class=\"wp-block-list\">\n<li><strong>Haku<\/strong>\n<ul class=\"wp-block-list\">\n<li><strong>HK1B<\/strong> &#8211; FI MVA EE MVA LV MVA LT MVA BAL MVA Zaphalayaz Zotico &#8211; Mirka Korhonen<\/li>\n<\/ul>\n<\/li>\n\n\n\n<li><strong>J\u00e4lki<\/strong>\n<ul class=\"wp-block-list\">\n<li><strong>JK2B<\/strong> &#8211; FI MVA EE MVA LV MVA LT MVA BAL MVA Zaphalayaz Zotico &#8211; Mirka Korhonen<\/li>\n<\/ul>\n<\/li>\n\n\n\n<li><strong>FCI- IGP<\/strong>\n<ul class=\"wp-block-list\">\n<li><strong>FCI-IGP2<\/strong> &#8211; LT JMVA LV JMVA EE JMVA BALT JMVA Gigabit Top Touchdown &#8211; Marjaana Elovirta<\/li>\n<\/ul>\n<\/li>\n\n\n\n<li><strong>Rally-Toko<\/strong>\n<ul class=\"wp-block-list\">\n<li><strong>RT1 <\/strong>&#8211; Gigabit Top Touchdown &#8211; Marjaana Elovirta<\/li>\n<\/ul>\n<\/li>\n\n\n\n<li><strong>Toko<\/strong>\n<ul class=\"wp-block-list\">\n<li><strong>Alo1 <\/strong>&#8211; Rottdames Dacota &#8211; Marko Leskinen<\/li>\n<\/ul>\n<\/li>\n\n\n\n<li><strong>Vepe<\/strong>\n<ul class=\"wp-block-list\">\n<li><strong>2x AVO1, siirto VOI<\/strong> &#8211; LT JMVA EE JMVA Zaphalayaz Voyager &#8211; Susanna Passila<\/li>\n<\/ul>\n<\/li>\n\n\n\n<li><strong>Nose<\/strong>\n<ul class=\"wp-block-list\">\n<li><strong>Kaikki etsint\u00e4muodot 62\/5<\/strong> &#8211; LT JMVA EE JMVA Zaphalayaz Voyager &#8211; Susanna Passila<\/li>\n<\/ul>\n<\/li>\n\n\n\n<li><strong>N\u00e4yttely<\/strong>\n<ul class=\"wp-block-list\">\n<li><strong>C.I.E.EE MVA LT MVA<\/strong> &#8211; Zaphalayaz Yellowstone &#8211; Tiia Tuhkanen<\/li>\n\n\n\n<li><strong>C.I.E. EE MVA LT MVA<\/strong> &#8211; Zaphalayaz Zugswang -Tiia Tuhkanen<\/li>\n<\/ul>\n<\/li>\n\n\n\n<li><strong>Valioituneet 2024<\/strong>\n<ul class=\"wp-block-list\">\n<li><strong>C.I.B.-V FI MVA FI VMVA<\/strong> &#8211; ZAPHALAYAZ VOW -Tiia Tuhkanen<\/li>\n\n\n\n<li><strong>C.I.B.-J FI JMVA RIGAW-24<\/strong> &#8211; ZAPHALAYAZ VOW TAHITI &#8211; Tiia Tuhkanen<\/li>\n\n\n\n<li><strong>FI MVA EE MVA LT MVA<\/strong> &#8211;  ZAPHALAYAZ WHATCHAMACALLIT -Marjo Kuivanen<\/li>\n\n\n\n<li><strong>C.I.E. EE MVA LT MVA<\/strong> &#8211; ZAPHALAYAZ ZUGSWANG &#8211; Tiia Tuhkanen<\/li>\n\n\n\n<li><strong>C.I.E. EE MVA LT MVA<\/strong> &#8211; ZAPHALAYAZ YELLOWSTONE -Tiia Tuhkanen<\/li>\n<\/ul>\n<\/li>\n<\/ul>\n\n\n\n<p><\/p>\n","protected":false},"excerpt":{"rendered":"<p>T\u00e4\u00e4lt\u00e4 l\u00f6ytyv\u00e4t ansioituneet koirakot Vuoden 2025 palkitut: Korhonen Mirka &#8211; Zaphalayaz Zotico, Urpo\u2022 C.I.B, C.I.E, SE MVA\u2022 HK2\u2022 JK3 x 2 ykk\u00f6stulosta Kelho Eeva &#8211; Zaphalayaz Diamante, Pirkko\u2022 Toko Alo1 x 3 ykk\u00f6stulosta TK1 Leskinen Marko &#8211; Rottdames Dacota, Emma\u2022 RTK2 H\u00e5llfast Santra &#8211; Helkyn Carolina, Kenraali\u2022 IRO MT\/V\u2022 SAR RAUNIO A Vuoden 2024 palkitut:<\/p>\n","protected":false},"author":1,"featured_media":0,"parent":0,"menu_order":0,"comment_status":"closed","ping_status":"closed","template":"","meta":{"footnotes":""},"class_list":["post-305","page","type-page","status-publish","hentry"],"_links":{"self":[{"href":"http:\/\/www.rymokoma.fi\/index.php\/wp-json\/wp\/v2\/pages\/305","targetHints":{"allow":["GET"]}}],"collection":[{"href":"http:\/\/www.rymokoma.fi\/index.php\/wp-json\/wp\/v2\/pages"}],"about":[{"href":"http:\/\/www.rymokoma.fi\/index.php\/wp-json\/wp\/v2\/types\/page"}],"author":[{"embeddable":true,"href":"http:\/\/www.rymokoma.fi\/index.php\/wp-json\/wp\/v2\/users\/1"}],"replies":[{"embeddable":true,"href":"http:\/\/www.rymokoma.fi\/index.php\/wp-json\/wp\/v2\/comments?post=305"}],"version-history":[{"count":5,"href":"http:\/\/www.rymokoma.fi\/index.php\/wp-json\/wp\/v2\/pages\/305\/revisions"}],"predecessor-version":[{"id":378,"href":"http:\/\/www.rymokoma.fi\/index.php\/wp-json\/wp\/v2\/pages\/305\/revisions\/378"}],"wp:attachment":[{"href":"http:\/\/www.rymokoma.fi\/index.php\/wp-json\/wp\/v2\/media?parent=305"}],"curies":[{"name":"wp","href":"https:\/\/api.w.org\/{rel}","templated":true}]}}