{"id":116,"date":"2025-03-05T16:26:12","date_gmt":"2025-03-05T16:26:12","guid":{"rendered":"https:\/\/www.rymokoma.fi\/?page_id=116"},"modified":"2025-03-05T16:35:24","modified_gmt":"2025-03-05T16:35:24","slug":"toko-rallytoko","status":"publish","type":"page","link":"http:\/\/www.rymokoma.fi\/index.php\/toko-rallytoko\/","title":{"rendered":"TOKO \/ RALLYTOKO"},"content":{"rendered":"\n<p><strong>TOKO<\/strong><br>Tottelevaisuuskoetta eli TOKOa harrastettaessa koiralle opetetaan tietyt tottelevaisuusliik-keet, esim. seuraamista, luoksetuloa ja noutoa. Koiralle opetetaan miellytt\u00e4v\u00e4\u00e4 ja hallittua k\u00e4ytt\u00e4ytymist\u00e4 rakentavassa yhteisty\u00f6ss\u00e4 ohjaajan kanssa. Omaa koulutustasoa voi testata lajin kokeissa, joissa on nelj\u00e4 eri tasoa.<\/p>\n\n\n\n<p><strong>RALLYTOKO<\/strong><br>My\u00f6s rallytokossa ohjaaja ja koira suorittavat yhdess\u00e4 erilaisia liikkeit\u00e4 edeten radan l\u00e4pi kylttien ohjeita seuraten. Siin\u00e4 t\u00e4rkeint\u00e4 on ohjaajan ja koiran iloinen yhteisty\u00f6, ei niink\u00e4\u00e4n millintarkka paikka. Koiraa saa my\u00f6s kehua ja kannustaa. My\u00f6s rallytokossa voi kisata nelj\u00e4ll\u00e4 eri tasolla.<\/p>\n","protected":false},"excerpt":{"rendered":"<p>TOKOTottelevaisuuskoetta eli TOKOa harrastettaessa koiralle opetetaan tietyt tottelevaisuusliik-keet, esim. seuraamista, luoksetuloa ja noutoa. Koiralle opetetaan miellytt\u00e4v\u00e4\u00e4 ja hallittua k\u00e4ytt\u00e4ytymist\u00e4 rakentavassa yhteisty\u00f6ss\u00e4 ohjaajan kanssa. Omaa koulutustasoa voi testata lajin kokeissa, joissa on nelj\u00e4 eri tasoa. RALLYTOKOMy\u00f6s rallytokossa ohjaaja ja koira suorittavat yhdess\u00e4 erilaisia liikkeit\u00e4 edeten radan l\u00e4pi kylttien ohjeita seuraten. Siin\u00e4 t\u00e4rkeint\u00e4 on ohjaajan ja koiran [&hellip;]<\/p>\n","protected":false},"author":1,"featured_media":0,"parent":0,"menu_order":0,"comment_status":"closed","ping_status":"closed","template":"","meta":{"footnotes":""},"class_list":["post-116","page","type-page","status-publish","hentry"],"_links":{"self":[{"href":"http:\/\/www.rymokoma.fi\/index.php\/wp-json\/wp\/v2\/pages\/116","targetHints":{"allow":["GET"]}}],"collection":[{"href":"http:\/\/www.rymokoma.fi\/index.php\/wp-json\/wp\/v2\/pages"}],"about":[{"href":"http:\/\/www.rymokoma.fi\/index.php\/wp-json\/wp\/v2\/types\/page"}],"author":[{"embeddable":true,"href":"http:\/\/www.rymokoma.fi\/index.php\/wp-json\/wp\/v2\/users\/1"}],"replies":[{"embeddable":true,"href":"http:\/\/www.rymokoma.fi\/index.php\/wp-json\/wp\/v2\/comments?post=116"}],"version-history":[{"count":2,"href":"http:\/\/www.rymokoma.fi\/index.php\/wp-json\/wp\/v2\/pages\/116\/revisions"}],"predecessor-version":[{"id":147,"href":"http:\/\/www.rymokoma.fi\/index.php\/wp-json\/wp\/v2\/pages\/116\/revisions\/147"}],"wp:attachment":[{"href":"http:\/\/www.rymokoma.fi\/index.php\/wp-json\/wp\/v2\/media?parent=116"}],"curies":[{"name":"wp","href":"https:\/\/api.w.org\/{rel}","templated":true}]}}